{"id":2047,"date":"2023-08-28T11:57:49","date_gmt":"2023-08-28T11:57:49","guid":{"rendered":"https:\/\/asdsportcompass.org\/?page_id=2047"},"modified":"2026-05-07T10:37:26","modified_gmt":"2026-05-07T10:37:26","slug":"sport-fields","status":"publish","type":"page","link":"https:\/\/asdsportcompass.org\/fr\/sport-fields\/","title":{"rendered":"Terrains de sport"},"content":{"rendered":"<div data-elementor-type=\"wp-page\" data-elementor-id=\"2047\" class=\"elementor elementor-2047\" data-elementor-post-type=\"page\">\n\t\t\t\t\t\t<section class=\"elementor-section elementor-top-section elementor-element elementor-element-4f4418a elementor-section-height-min-height elementor-section-full_width elementor-section-stretched elementor-section-height-default elementor-section-items-middle\" data-id=\"4f4418a\" data-element_type=\"section\" data-e-type=\"section\" data-settings=\"{&quot;background_background&quot;:&quot;classic&quot;,&quot;shape_divider_bottom&quot;:&quot;triangle&quot;,&quot;shape_divider_bottom_negative&quot;:&quot;yes&quot;,&quot;stretch_section&quot;:&quot;section-stretched&quot;}\">\n\t\t\t\t\t\t\t<div class=\"elementor-background-overlay\"><\/div>\n\t\t\t\t\t\t<div class=\"elementor-shape elementor-shape-bottom\" aria-hidden=\"true\" data-negative=\"true\">\n\t\t\t<svg xmlns=\"http:\/\/www.w3.org\/2000\/svg\" viewbox=\"0 0 1000 100\" preserveaspectratio=\"none\">\n\t<path class=\"elementor-shape-fill\" d=\"M500.2,94.7L0,0v100h1000V0L500.2,94.7z\"\/>\n<\/svg>\t\t<\/div>\n\t\t\t\t\t<div class=\"elementor-container elementor-column-gap-no\">\n\t\t\t\t\t<div class=\"elementor-column elementor-col-100 elementor-top-column elementor-element elementor-element-abfb562\" data-id=\"abfb562\" data-element_type=\"column\" data-e-type=\"column\">\n\t\t\t<div class=\"elementor-widget-wrap elementor-element-populated\">\n\t\t\t\t\t\t<div class=\"elementor-element elementor-element-985ed4f elementor-invisible elementor-widget elementor-widget-heading\" data-id=\"985ed4f\" data-element_type=\"widget\" data-e-type=\"widget\" data-settings=\"{&quot;_animation&quot;:&quot;fadeInUp&quot;}\" data-widget_type=\"heading.default\">\n\t\t\t\t<div class=\"elementor-widget-container\">\n\t\t\t\t\t<h1 class=\"elementor-heading-title elementor-size-xl\"><strong>sport<\/strong> Des champs<\/h1>\t\t\t\t<\/div>\n\t\t\t\t<\/div>\n\t\t\t\t<div class=\"elementor-element elementor-element-dda8572 elementor-invisible elementor-widget elementor-widget-image\" data-id=\"dda8572\" data-element_type=\"widget\" data-e-type=\"widget\" data-settings=\"{&quot;_animation&quot;:&quot;pulse&quot;}\" data-widget_type=\"image.default\">\n\t\t\t\t<div class=\"elementor-widget-container\">\n\t\t\t\t\t\t\t\t\t\t\t\t\t\t\t\t<a href=\"#about\">\n\t\t\t\t\t\t\t<img fetchpriority=\"high\" decoding=\"async\" width=\"300\" height=\"300\" src=\"https:\/\/asdsportcompass.org\/wp-content\/uploads\/2023\/07\/arrow.png\" class=\"attachment-full size-full wp-image-1760\" alt=\"\" srcset=\"https:\/\/asdsportcompass.org\/wp-content\/uploads\/2023\/07\/arrow.png 300w, https:\/\/asdsportcompass.org\/wp-content\/uploads\/2023\/07\/arrow-150x150.png 150w\" sizes=\"(max-width: 300px) 100vw, 300px\" \/>\t\t\t\t\t\t\t\t<\/a>\n\t\t\t\t\t\t\t\t\t\t\t\t\t\t\t<\/div>\n\t\t\t\t<\/div>\n\t\t\t\t\t<\/div>\n\t\t<\/div>\n\t\t\t\t\t<\/div>\n\t\t<\/section>\n\t\t\t\t<section class=\"elementor-section elementor-top-section elementor-element elementor-element-5704dbe envato-kit-141-top-0 elementor-section-boxed elementor-section-height-default elementor-section-height-default\" data-id=\"5704dbe\" data-element_type=\"section\" data-e-type=\"section\" data-settings=\"{&quot;background_background&quot;:&quot;classic&quot;}\">\n\t\t\t\t\t\t\t<div class=\"elementor-background-overlay\"><\/div>\n\t\t\t\t\t\t\t<div class=\"elementor-container elementor-column-gap-wider\">\n\t\t\t\t\t<div class=\"elementor-column elementor-col-100 elementor-top-column elementor-element elementor-element-0a652af\" data-id=\"0a652af\" data-element_type=\"column\" data-e-type=\"column\">\n\t\t\t<div class=\"elementor-widget-wrap elementor-element-populated\">\n\t\t\t\t\t\t<section class=\"elementor-section elementor-inner-section elementor-element elementor-element-7480faa elementor-section-boxed elementor-section-height-default elementor-section-height-default\" data-id=\"7480faa\" data-element_type=\"section\" data-e-type=\"section\">\n\t\t\t\t\t\t<div class=\"elementor-container elementor-column-gap-wide\">\n\t\t\t\t\t<div class=\"elementor-column elementor-col-33 elementor-inner-column elementor-element elementor-element-0f26236\" data-id=\"0f26236\" data-element_type=\"column\" data-e-type=\"column\">\n\t\t\t<div class=\"elementor-widget-wrap elementor-element-populated\">\n\t\t\t\t\t\t<div class=\"elementor-element elementor-element-d9f3214 elementor-invisible elementor-widget elementor-widget-image\" data-id=\"d9f3214\" data-element_type=\"widget\" data-e-type=\"widget\" data-settings=\"{&quot;_animation&quot;:&quot;fadeInLeft&quot;}\" data-widget_type=\"image.default\">\n\t\t\t\t<div class=\"elementor-widget-container\">\n\t\t\t\t\t\t\t\t\t\t\t\t\t\t\t<img decoding=\"async\" width=\"512\" height=\"512\" src=\"https:\/\/asdsportcompass.org\/wp-content\/uploads\/2023\/08\/hiking2.png\" class=\"elementor-animation-float attachment-large size-large wp-image-1909\" alt=\"\" srcset=\"https:\/\/asdsportcompass.org\/wp-content\/uploads\/2023\/08\/hiking2.png 512w, https:\/\/asdsportcompass.org\/wp-content\/uploads\/2023\/08\/hiking2-300x300.png 300w, https:\/\/asdsportcompass.org\/wp-content\/uploads\/2023\/08\/hiking2-150x150.png 150w\" sizes=\"(max-width: 512px) 100vw, 512px\" \/>\t\t\t\t\t\t\t\t\t\t\t\t\t\t\t<\/div>\n\t\t\t\t<\/div>\n\t\t\t\t<div class=\"elementor-element elementor-element-843624a elementor-invisible elementor-widget elementor-widget-heading\" data-id=\"843624a\" data-element_type=\"widget\" data-e-type=\"widget\" data-settings=\"{&quot;_animation&quot;:&quot;fadeInUp&quot;}\" data-widget_type=\"heading.default\">\n\t\t\t\t<div class=\"elementor-widget-container\">\n\t\t\t\t\t<h2 class=\"elementor-heading-title elementor-size-default\">Grimper haut et <br>Avoir une emprise<\/h2>\t\t\t\t<\/div>\n\t\t\t\t<\/div>\n\t\t\t\t<div class=\"elementor-element elementor-element-9b00af8 elementor-invisible elementor-widget elementor-widget-text-editor\" data-id=\"9b00af8\" data-element_type=\"widget\" data-e-type=\"widget\" data-settings=\"{&quot;_animation&quot;:&quot;fadeInUp&quot;}\" data-widget_type=\"text-editor.default\">\n\t\t\t\t<div class=\"elementor-widget-container\">\n\t\t\t\t\t\t\t\t\t<p>Grimpez vers les plus hauts sommets et reprenez le contact avec la nature ! \u00c0 son meilleur, l\u2019escalade symbolise la libert\u00e9, l\u2019aventure et le courage. Inspirez-vous de l&#039;art profond de l&#039;escalade avec ASD Sport Compass\u00a0!<\/p>\t\t\t\t\t\t\t\t<\/div>\n\t\t\t\t<\/div>\n\t\t\t\t<div class=\"elementor-element elementor-element-aa3e7d6 elementor-align-center elementor-invisible elementor-widget elementor-widget-button\" data-id=\"aa3e7d6\" data-element_type=\"widget\" data-e-type=\"widget\" data-settings=\"{&quot;_animation&quot;:&quot;fadeInUp&quot;}\" data-widget_type=\"button.default\">\n\t\t\t\t<div class=\"elementor-widget-container\">\n\t\t\t\t\t\t\t\t\t<div class=\"elementor-button-wrapper\">\n\t\t\t\t\t<a class=\"elementor-button elementor-button-link elementor-size-md elementor-animation-grow\" href=\"https:\/\/asdsportcompass.org\/fr\/indoor-outdoor-sports\/\">\n\t\t\t\t\t\t<span class=\"elementor-button-content-wrapper\">\n\t\t\t\t\t\t\t\t\t<span class=\"elementor-button-text\">En savoir plus<\/span>\n\t\t\t\t\t<\/span>\n\t\t\t\t\t<\/a>\n\t\t\t\t<\/div>\n\t\t\t\t\t\t\t\t<\/div>\n\t\t\t\t<\/div>\n\t\t\t\t\t<\/div>\n\t\t<\/div>\n\t\t\t\t<div class=\"elementor-column elementor-col-33 elementor-inner-column elementor-element elementor-element-28fe6c3\" data-id=\"28fe6c3\" data-element_type=\"column\" data-e-type=\"column\">\n\t\t\t<div class=\"elementor-widget-wrap elementor-element-populated\">\n\t\t\t\t\t\t<div class=\"elementor-element elementor-element-e7cbcec elementor-invisible elementor-widget elementor-widget-image\" data-id=\"e7cbcec\" data-element_type=\"widget\" data-e-type=\"widget\" data-settings=\"{&quot;_animation&quot;:&quot;fadeInUp&quot;}\" data-widget_type=\"image.default\">\n\t\t\t\t<div class=\"elementor-widget-container\">\n\t\t\t\t\t\t\t\t\t\t\t\t\t\t\t<img decoding=\"async\" width=\"512\" height=\"512\" src=\"https:\/\/asdsportcompass.org\/wp-content\/uploads\/2023\/08\/sailboat2.png\" class=\"elementor-animation-float attachment-large size-large wp-image-1911\" alt=\"\" srcset=\"https:\/\/asdsportcompass.org\/wp-content\/uploads\/2023\/08\/sailboat2.png 512w, https:\/\/asdsportcompass.org\/wp-content\/uploads\/2023\/08\/sailboat2-300x300.png 300w, https:\/\/asdsportcompass.org\/wp-content\/uploads\/2023\/08\/sailboat2-150x150.png 150w\" sizes=\"(max-width: 512px) 100vw, 512px\" \/>\t\t\t\t\t\t\t\t\t\t\t\t\t\t\t<\/div>\n\t\t\t\t<\/div>\n\t\t\t\t<div class=\"elementor-element elementor-element-9222d2b elementor-invisible elementor-widget elementor-widget-heading\" data-id=\"9222d2b\" data-element_type=\"widget\" data-e-type=\"widget\" data-settings=\"{&quot;_animation&quot;:&quot;fadeInUp&quot;}\" data-widget_type=\"heading.default\">\n\t\t\t\t<div class=\"elementor-widget-container\">\n\t\t\t\t\t<h2 class=\"elementor-heading-title elementor-size-default\">La mer comme mode de vie et <br>\u00catre marin <\/h2>\t\t\t\t<\/div>\n\t\t\t\t<\/div>\n\t\t\t\t<div class=\"elementor-element elementor-element-86985de elementor-invisible elementor-widget elementor-widget-text-editor\" data-id=\"86985de\" data-element_type=\"widget\" data-e-type=\"widget\" data-settings=\"{&quot;_animation&quot;:&quot;fadeInUp&quot;}\" data-widget_type=\"text-editor.default\">\n\t\t\t\t<div class=\"elementor-widget-container\">\n\t\t\t\t\t\t\t\t\t<p>D\u00e9di\u00e9 \u00e0 promouvoir la sensibilisation, l\u2019esprit d\u2019\u00e9quipe, la croissance et le bien-\u00eatre sportif et personnel. en bref, cela s&#039;inscrit dans un bon sens marin, qui comprend une assimilation obligatoire de la flore et de la faune marines et un mode de vie plus stimulant dans et autour de la mer.<\/p>\t\t\t\t\t\t\t\t<\/div>\n\t\t\t\t<\/div>\n\t\t\t\t<div class=\"elementor-element elementor-element-0cff6a3 elementor-align-center elementor-invisible elementor-widget elementor-widget-button\" data-id=\"0cff6a3\" data-element_type=\"widget\" data-e-type=\"widget\" data-settings=\"{&quot;_animation&quot;:&quot;fadeInUp&quot;}\" data-widget_type=\"button.default\">\n\t\t\t\t<div class=\"elementor-widget-container\">\n\t\t\t\t\t\t\t\t\t<div class=\"elementor-button-wrapper\">\n\t\t\t\t\t<a class=\"elementor-button elementor-button-link elementor-size-md elementor-animation-grow\" href=\"https:\/\/asdsportcompass.org\/fr\/sea-sports\/\">\n\t\t\t\t\t\t<span class=\"elementor-button-content-wrapper\">\n\t\t\t\t\t\t\t\t\t<span class=\"elementor-button-text\">En savoir plus<\/span>\n\t\t\t\t\t<\/span>\n\t\t\t\t\t<\/a>\n\t\t\t\t<\/div>\n\t\t\t\t\t\t\t\t<\/div>\n\t\t\t\t<\/div>\n\t\t\t\t\t<\/div>\n\t\t<\/div>\n\t\t\t\t<div class=\"elementor-column elementor-col-33 elementor-inner-column elementor-element elementor-element-acd9f24\" data-id=\"acd9f24\" data-element_type=\"column\" data-e-type=\"column\">\n\t\t\t<div class=\"elementor-widget-wrap elementor-element-populated\">\n\t\t\t\t\t\t<div class=\"elementor-element elementor-element-cf2bc8d elementor-invisible elementor-widget elementor-widget-image\" data-id=\"cf2bc8d\" data-element_type=\"widget\" data-e-type=\"widget\" data-settings=\"{&quot;_animation&quot;:&quot;fadeInRight&quot;}\" data-widget_type=\"image.default\">\n\t\t\t\t<div class=\"elementor-widget-container\">\n\t\t\t\t\t\t\t\t\t\t\t\t\t\t\t<img loading=\"lazy\" decoding=\"async\" width=\"512\" height=\"512\" src=\"https:\/\/asdsportcompass.org\/wp-content\/uploads\/2023\/08\/parachutist2.png\" class=\"elementor-animation-float attachment-large size-large wp-image-1910\" alt=\"\" srcset=\"https:\/\/asdsportcompass.org\/wp-content\/uploads\/2023\/08\/parachutist2.png 512w, https:\/\/asdsportcompass.org\/wp-content\/uploads\/2023\/08\/parachutist2-300x300.png 300w, https:\/\/asdsportcompass.org\/wp-content\/uploads\/2023\/08\/parachutist2-150x150.png 150w\" sizes=\"(max-width: 512px) 100vw, 512px\" \/>\t\t\t\t\t\t\t\t\t\t\t\t\t\t\t<\/div>\n\t\t\t\t<\/div>\n\t\t\t\t<div class=\"elementor-element elementor-element-6fda641 elementor-invisible elementor-widget elementor-widget-heading\" data-id=\"6fda641\" data-element_type=\"widget\" data-e-type=\"widget\" data-settings=\"{&quot;_animation&quot;:&quot;fadeInUp&quot;}\" data-widget_type=\"heading.default\">\n\t\t\t\t<div class=\"elementor-widget-container\">\n\t\t\t\t\t<h2 class=\"elementor-heading-title elementor-size-default\">N\u00e9 pour \u00eatre a\u00e9roport\u00e9 et <br>D\u00e9couvrez de nouveaux horizons <\/h2>\t\t\t\t<\/div>\n\t\t\t\t<\/div>\n\t\t\t\t<div class=\"elementor-element elementor-element-f6b476a elementor-invisible elementor-widget elementor-widget-text-editor\" data-id=\"f6b476a\" data-element_type=\"widget\" data-e-type=\"widget\" data-settings=\"{&quot;_animation&quot;:&quot;fadeInUp&quot;}\" data-widget_type=\"text-editor.default\">\n\t\t\t\t<div class=\"elementor-widget-container\">\n\t\t\t\t\t\t\t\t\t<p>D\u00e9bloquez les horizons illimit\u00e9s de votre esprit\u00a0; outre les mers, ASD Sport Compass navigue \u00e9galement dans le ciel\u00a0! Envolez-vous, apprenez librement et \u00e9voluez avec nos aventures en parapente pour l&#039;esprit, le corps et la nature.<\/p>\t\t\t\t\t\t\t\t<\/div>\n\t\t\t\t<\/div>\n\t\t\t\t<div class=\"elementor-element elementor-element-83abfa3 elementor-align-center elementor-invisible elementor-widget elementor-widget-button\" data-id=\"83abfa3\" data-element_type=\"widget\" data-e-type=\"widget\" data-settings=\"{&quot;_animation&quot;:&quot;fadeInUp&quot;}\" data-widget_type=\"button.default\">\n\t\t\t\t<div class=\"elementor-widget-container\">\n\t\t\t\t\t\t\t\t\t<div class=\"elementor-button-wrapper\">\n\t\t\t\t\t<a class=\"elementor-button elementor-button-link elementor-size-md elementor-animation-grow\" href=\"https:\/\/asdsportcompass.org\/fr\/air-sports\/\">\n\t\t\t\t\t\t<span class=\"elementor-button-content-wrapper\">\n\t\t\t\t\t\t\t\t\t<span class=\"elementor-button-text\">En savoir plus<\/span>\n\t\t\t\t\t<\/span>\n\t\t\t\t\t<\/a>\n\t\t\t\t<\/div>\n\t\t\t\t\t\t\t\t<\/div>\n\t\t\t\t<\/div>\n\t\t\t\t\t<\/div>\n\t\t<\/div>\n\t\t\t\t\t<\/div>\n\t\t<\/section>\n\t\t\t\t\t<\/div>\n\t\t<\/div>\n\t\t\t\t\t<\/div>\n\t\t<\/section>\n\t\t<div class=\"elementor-element elementor-element-6c0c2fc e-flex e-con-boxed e-con e-parent\" data-id=\"6c0c2fc\" data-element_type=\"container\" data-e-type=\"container\">\n\t\t\t\t\t<div class=\"e-con-inner\">\n\t\t\t\t<div class=\"elementor-element elementor-element-a28bae5 elementor-invisible elementor-widget elementor-widget-text-editor\" data-id=\"a28bae5\" data-element_type=\"widget\" data-e-type=\"widget\" data-settings=\"{&quot;_animation&quot;:&quot;fadeInUp&quot;,&quot;_animation_delay&quot;:400}\" data-widget_type=\"text-editor.default\">\n\t\t\t\t<div class=\"elementor-widget-container\">\n\t\t\t\t\t\t\t\t\t<p><span data-contrast=\"auto\">At ASD Sport Compass, sport is much more than physical activity. Our sport fields are educational spaces where movement, nature, and human connection come together to create meaningful learning experiences.<\/span><span data-ccp-props=\"{&quot;134233117&quot;:true,&quot;134233118&quot;:true,&quot;201341983&quot;:0,&quot;335551550&quot;:6,&quot;335551620&quot;:6,&quot;335559739&quot;:0,&quot;335559740&quot;:240}\">\u00a0<\/span><\/p><p><span data-contrast=\"auto\">Through our\u00a0<\/span><i><span data-contrast=\"auto\">Education Through Sport<\/span><\/i><span data-contrast=\"auto\">\u00a0approach, we use land, sea, and air disciplines as tools for inclusion, sustainability awareness, healthy lifestyles, emotional well-being, and personal growth. Each environment offers unique opportunities to develop resilience, teamwork, confidence, responsibility, and a deeper connection with nature.<\/span><span data-ccp-props=\"{&quot;134233117&quot;:true,&quot;134233118&quot;:true,&quot;201341983&quot;:0,&quot;335551550&quot;:6,&quot;335551620&quot;:6,&quot;335559739&quot;:0,&quot;335559740&quot;:240}\">\u00a0<\/span><\/p><p><span data-contrast=\"auto\">Based in Sardinia, we are fortunate to work in one of the most extraordinary natural environments in Europe, where mountains, coastlines, marine ecosystems, and open skies become powerful settings for non-formal education and transformative outdoor experiences.<\/span><span data-ccp-props=\"{&quot;134233117&quot;:true,&quot;134233118&quot;:true,&quot;201341983&quot;:0,&quot;335551550&quot;:6,&quot;335551620&quot;:6,&quot;335559739&quot;:0,&quot;335559740&quot;:240}\">\u00a0<\/span><\/p><p><span data-contrast=\"auto\">Our sport fields reflect our commitment to building community, promoting sustainability, and inspiring people of all ages and backgrounds to grow through challenge, cooperation, and discovery.<\/span><span data-ccp-props=\"{&quot;134233117&quot;:true,&quot;134233118&quot;:true,&quot;201341983&quot;:0,&quot;335551550&quot;:6,&quot;335551620&quot;:6,&quot;335559739&quot;:0,&quot;335559740&quot;:240}\">\u00a0<\/span><\/p>\t\t\t\t\t\t\t\t<\/div>\n\t\t\t\t<\/div>\n\t\t\t\t\t<\/div>\n\t\t\t\t<\/div>\n\t\t\t\t<\/div>","protected":false},"excerpt":{"rendered":"<p>Sport Fields Climbing High&nbsp; &amp; Get a Grip Climb to the highest peaks and get the grip back with nature! At its best, rock climbing&hellip;<\/p>","protected":false},"author":1,"featured_media":0,"parent":0,"menu_order":0,"comment_status":"closed","ping_status":"closed","template":"","meta":{"footnotes":""},"class_list":["post-2047","page","type-page","status-publish","hentry"],"_links":{"self":[{"href":"https:\/\/asdsportcompass.org\/fr\/wp-json\/wp\/v2\/pages\/2047","targetHints":{"allow":["GET"]}}],"collection":[{"href":"https:\/\/asdsportcompass.org\/fr\/wp-json\/wp\/v2\/pages"}],"about":[{"href":"https:\/\/asdsportcompass.org\/fr\/wp-json\/wp\/v2\/types\/page"}],"author":[{"embeddable":true,"href":"https:\/\/asdsportcompass.org\/fr\/wp-json\/wp\/v2\/users\/1"}],"replies":[{"embeddable":true,"href":"https:\/\/asdsportcompass.org\/fr\/wp-json\/wp\/v2\/comments?post=2047"}],"version-history":[{"count":62,"href":"https:\/\/asdsportcompass.org\/fr\/wp-json\/wp\/v2\/pages\/2047\/revisions"}],"predecessor-version":[{"id":3501,"href":"https:\/\/asdsportcompass.org\/fr\/wp-json\/wp\/v2\/pages\/2047\/revisions\/3501"}],"wp:attachment":[{"href":"https:\/\/asdsportcompass.org\/fr\/wp-json\/wp\/v2\/media?parent=2047"}],"curies":[{"name":"wp","href":"https:\/\/api.w.org\/{rel}","templated":true}]}}